{"id":771,"date":"2023-03-27T16:43:17","date_gmt":"2023-03-27T14:43:17","guid":{"rendered":"https:\/\/www.instsendros.com\/declaracio-daccessibilitat\/"},"modified":"2023-03-29T17:17:02","modified_gmt":"2023-03-29T15:17:02","slug":"declaracio-daccessibilitat","status":"publish","type":"page","link":"https:\/\/www.instsendros.com\/ca\/declaracio-daccessibilitat\/","title":{"rendered":"Declaraci\u00f3 d&#8217;Accessibilitat"},"content":{"rendered":"<p><strong>Instal\u00b7lacions Sendr\u00f3s<\/strong> s&#8217;ha comprom\u00e8s a fer accessible el vostre lloc web de conformitat amb el Reial Decret 1112\/2018, de 7 de setembre, sobre accessibilitat dels llocs web i aplicacions per a dispositius m\u00f2bils del sector p\u00fablic.<\/p>\n<p>Opcions d&#8217;accessibilitat disponibles al men\u00fa desplegable a la part superior del lateral esquerre de la web:<\/p>\n<p><img loading=\"lazy\" decoding=\"async\" class=\"aligncenter size-full wp-image-913\" src=\"https:\/\/www.instsendros.com\/wp-content\/uploads\/2023\/03\/accessibilitat.jpg\" alt=\"Accessibilitat...\" width=\"245\" height=\"463\" srcset=\"https:\/\/www.instsendros.com\/wp-content\/uploads\/2023\/03\/accessibilitat.jpg 245w, https:\/\/www.instsendros.com\/wp-content\/uploads\/2023\/03\/accessibilitat-159x300.jpg 159w\" sizes=\"(max-width: 245px) 100vw, 245px\" \/><\/p>\n<p>Aquesta declaraci\u00f3 d\u2019accessibilitat s\u2019aplica al lloc web\u00a0<a role=\"link\" href=\"https:\/\/www.instsendros.com\/ca\/\">https:\/\/www.instsendros.com\/<\/a><\/p>\n<p><strong>Situaci\u00f3 de compliment<br \/>\n<\/strong>Aquest lloc web \u00e9s parcialment conforme amb el RD 1112\/2018 a causa de les excepcions i la manca de conformitat dels aspectes que s&#8217;indiquen a continuaci\u00f3.<\/p>\n<p><strong>Contingut no accessible<br \/>\n<\/strong>El contingut que es recull a continuaci\u00f3 no \u00e9s accessible pel seg\u00fcent:<\/p>\n<p><strong>Manca de conformitat amb el RD 1112\/2018<\/strong><\/p>\n<ul>\n<li>Hi ha elements que no s\u00f3n accessibles per teclat.<\/li>\n<li>Hi ha elements que no reben el focus.<\/li>\n<li>Hi ha camps de formularis on s&#8217;informa de l&#8217;error quan s&#8217;introdueix un valor incorrecte per\u00f2 no s&#8217;informa d&#8217;un suggeriment per a la correcci\u00f3.<\/li>\n<li>Hi ha p\u00e0gines on els productes de suport no podran obtenir informaci\u00f3, interactuar i estar al corrent de l&#8217;estat dels controls d&#8217;interf\u00edcie d&#8217;usuari, com ara missatges d&#8217;ajuda, missatges d&#8217;estat de resultat d&#8217;accions, atributs d&#8217;enlla\u00e7os , imatge d&#8217;idioma de p\u00e0gina&#8230; que no podran ser llegits per lectors de pantalla en el moment en qu\u00e8 apareixen.<\/li>\n<li>Podrien haver-hi errors puntuals d&#8217;edici\u00f3 en alguna p\u00e0gina web.<\/li>\n<\/ul>\n<p><strong>Preparaci\u00f3 d&#8217;aquesta declaraci\u00f3 d&#8217;accessibilitat<br \/>\n<\/strong>Aquesta declaraci\u00f3 va ser preparada el 09 de mar\u00e7 de 2023. El m\u00e8tode emprat per preparar la declaraci\u00f3 ha estat una autoavaluaci\u00f3.<\/p>\n<p><strong>Observacions i dades de contacte<br \/>\n<\/strong>Podeu realitzar comunicacions sobre requisits d&#8217;accessibilitat (article 10.2.a) del RD 1112\/2018) com per exemple:<\/p>\n<ul>\n<li>Informar sobre qualsevol possible incompliment per part d&#8217;aquest lloc web<\/li>\n<li>Transmetre altres dificultats d&#8217;acc\u00e9s al contingut<\/li>\n<li>Formular qualsevol altra consulta o suggeriment de millora relativa a l&#8217;accessibilitat del lloc web<\/li>\n<\/ul>\n<p>A trav\u00e9s del mail <a href=\"mailto:info@instsendros.com\">info@instsendros.com<\/a>.<\/p>\n<p><strong>Contingut opcional<br \/>\n<\/strong>Aquest lloc web aplica els requisits de la Norma UNE-EN 301549:2022 considerant les excepcions del RD 1112\/2018. La darrera revisi\u00f3 de l&#8217;accessibilitat s&#8217;ha fet el mar\u00e7 del 2023. El lloc web est\u00e0 optimitzat per als navegadors Microsoft Internet Explorer 8.0 o versions superiors i les darreres versions vigents de FireFox, Safari, Opera i Google Chrome. La resoluci\u00f3 web m\u00ednima recomanada \u00e9s de 1280\u00d71024. El lloc web est\u00e0 dissenyat per a la seva visualitzaci\u00f3 Responsive, de manera que es visualitza de forma \u00f2ptima en els dispositius tablet i m\u00f2bils. En aquests dispositius est\u00e0 optimitzat per visualitzar-lo en les \u00faltimes versions vigents de Chrome for mobile, Firefox for mobile, Safari mobile, Opera Mini i navegador nadiu d&#8217;Android.<\/p>\n<p>&nbsp;<\/p>\n<p>&nbsp;<\/p>\n","protected":false},"excerpt":{"rendered":"<p>Instal\u00b7lacions Sendr\u00f3s s&#8217;ha comprom\u00e8s a fer accessible el vostre lloc web de conformitat amb el Reial Decret 1112\/2018, de 7 de setembre, sobre accessibilitat dels llocs web i aplicacions per a dispositius m\u00f2bils del sector p\u00fablic. Opcions d&#8217;accessibilitat disponibles al men\u00fa desplegable a la part superior del lateral esquerre de la web: Aquesta declaraci\u00f3 d\u2019accessibilitat [&hellip;]<\/p>\n","protected":false},"author":1,"featured_media":0,"parent":0,"menu_order":0,"comment_status":"closed","ping_status":"closed","template":"","meta":{"_et_pb_use_builder":"","_et_pb_old_content":"","_et_gb_content_width":"","footnotes":""},"class_list":["post-771","page","type-page","status-publish","hentry"],"yoast_head":"<!-- This site is optimized with the Yoast SEO plugin v24.2 - https:\/\/yoast.com\/wordpress\/plugins\/seo\/ -->\n<title>Declaraci\u00f3 d&#039;Accessibilitat - Instal\u00b7lacions Sendr\u00f3s<\/title>\n<meta name=\"robots\" content=\"index, follow, max-snippet:-1, max-image-preview:large, max-video-preview:-1\" \/>\n<link rel=\"canonical\" href=\"https:\/\/www.instsendros.com\/ca\/declaracio-daccessibilitat\/\" \/>\n<meta property=\"og:locale\" content=\"ca_ES\" \/>\n<meta property=\"og:type\" content=\"article\" \/>\n<meta property=\"og:title\" content=\"Declaraci\u00f3 d&#039;Accessibilitat - Instal\u00b7lacions Sendr\u00f3s\" \/>\n<meta property=\"og:description\" content=\"Instal\u00b7lacions Sendr\u00f3s s&#8217;ha comprom\u00e8s a fer accessible el vostre lloc web de conformitat amb el Reial Decret 1112\/2018, de 7 de setembre, sobre accessibilitat dels llocs web i aplicacions per a dispositius m\u00f2bils del sector p\u00fablic. Opcions d&#8217;accessibilitat disponibles al men\u00fa desplegable a la part superior del lateral esquerre de la web: Aquesta declaraci\u00f3 d\u2019accessibilitat [&hellip;]\" \/>\n<meta property=\"og:url\" content=\"https:\/\/www.instsendros.com\/ca\/declaracio-daccessibilitat\/\" \/>\n<meta property=\"og:site_name\" content=\"Instal\u00b7lacions Sendr\u00f3s\" \/>\n<meta property=\"article:modified_time\" content=\"2023-03-29T15:17:02+00:00\" \/>\n<meta property=\"og:image\" content=\"https:\/\/www.instsendros.com\/wp-content\/uploads\/2023\/03\/accessibilitat.jpg\" \/>\n<meta name=\"twitter:card\" content=\"summary_large_image\" \/>\n<meta name=\"twitter:label1\" content=\"Temps estimat de lectura\" \/>\n\t<meta name=\"twitter:data1\" content=\"3 minuts\" \/>\n<script type=\"application\/ld+json\" class=\"yoast-schema-graph\">{\"@context\":\"https:\/\/schema.org\",\"@graph\":[{\"@type\":\"WebPage\",\"@id\":\"https:\/\/www.instsendros.com\/ca\/declaracio-daccessibilitat\/\",\"url\":\"https:\/\/www.instsendros.com\/ca\/declaracio-daccessibilitat\/\",\"name\":\"Declaraci\u00f3 d'Accessibilitat - Instal\u00b7lacions Sendr\u00f3s\",\"isPartOf\":{\"@id\":\"https:\/\/www.instsendros.com\/ca\/#website\"},\"primaryImageOfPage\":{\"@id\":\"https:\/\/www.instsendros.com\/ca\/declaracio-daccessibilitat\/#primaryimage\"},\"image\":{\"@id\":\"https:\/\/www.instsendros.com\/ca\/declaracio-daccessibilitat\/#primaryimage\"},\"thumbnailUrl\":\"https:\/\/www.instsendros.com\/wp-content\/uploads\/2023\/03\/accessibilitat.jpg\",\"datePublished\":\"2023-03-27T14:43:17+00:00\",\"dateModified\":\"2023-03-29T15:17:02+00:00\",\"breadcrumb\":{\"@id\":\"https:\/\/www.instsendros.com\/ca\/declaracio-daccessibilitat\/#breadcrumb\"},\"inLanguage\":\"ca\",\"potentialAction\":[{\"@type\":\"ReadAction\",\"target\":[\"https:\/\/www.instsendros.com\/ca\/declaracio-daccessibilitat\/\"]}]},{\"@type\":\"ImageObject\",\"inLanguage\":\"ca\",\"@id\":\"https:\/\/www.instsendros.com\/ca\/declaracio-daccessibilitat\/#primaryimage\",\"url\":\"https:\/\/www.instsendros.com\/wp-content\/uploads\/2023\/03\/accessibilitat.jpg\",\"contentUrl\":\"https:\/\/www.instsendros.com\/wp-content\/uploads\/2023\/03\/accessibilitat.jpg\"},{\"@type\":\"BreadcrumbList\",\"@id\":\"https:\/\/www.instsendros.com\/ca\/declaracio-daccessibilitat\/#breadcrumb\",\"itemListElement\":[{\"@type\":\"ListItem\",\"position\":1,\"name\":\"Portada\",\"item\":\"https:\/\/www.instsendros.com\/ca\/\"},{\"@type\":\"ListItem\",\"position\":2,\"name\":\"Declaraci\u00f3 d&#8217;Accessibilitat\"}]},{\"@type\":\"WebSite\",\"@id\":\"https:\/\/www.instsendros.com\/ca\/#website\",\"url\":\"https:\/\/www.instsendros.com\/ca\/\",\"name\":\"Instal\u00b7lacions Sendr\u00f3s\",\"description\":\"Instalaciones y Servicios de Ingenier\u00eda...\",\"publisher\":{\"@id\":\"https:\/\/www.instsendros.com\/ca\/#organization\"},\"potentialAction\":[{\"@type\":\"SearchAction\",\"target\":{\"@type\":\"EntryPoint\",\"urlTemplate\":\"https:\/\/www.instsendros.com\/ca\/?s={search_term_string}\"},\"query-input\":{\"@type\":\"PropertyValueSpecification\",\"valueRequired\":true,\"valueName\":\"search_term_string\"}}],\"inLanguage\":\"ca\"},{\"@type\":\"Organization\",\"@id\":\"https:\/\/www.instsendros.com\/ca\/#organization\",\"name\":\"Instal\u00b7lacions Sendr\u00f3s\",\"url\":\"https:\/\/www.instsendros.com\/ca\/\",\"logo\":{\"@type\":\"ImageObject\",\"inLanguage\":\"ca\",\"@id\":\"https:\/\/www.instsendros.com\/ca\/#\/schema\/logo\/image\/\",\"url\":\"https:\/\/www.instsendros.com\/wp-content\/uploads\/2023\/03\/logo.jpg\",\"contentUrl\":\"https:\/\/www.instsendros.com\/wp-content\/uploads\/2023\/03\/logo.jpg\",\"width\":143,\"height\":56,\"caption\":\"Instal\u00b7lacions Sendr\u00f3s\"},\"image\":{\"@id\":\"https:\/\/www.instsendros.com\/ca\/#\/schema\/logo\/image\/\"}}]}<\/script>\n<!-- \/ Yoast SEO plugin. -->","yoast_head_json":{"title":"Declaraci\u00f3 d'Accessibilitat - Instal\u00b7lacions Sendr\u00f3s","robots":{"index":"index","follow":"follow","max-snippet":"max-snippet:-1","max-image-preview":"max-image-preview:large","max-video-preview":"max-video-preview:-1"},"canonical":"https:\/\/www.instsendros.com\/ca\/declaracio-daccessibilitat\/","og_locale":"ca_ES","og_type":"article","og_title":"Declaraci\u00f3 d'Accessibilitat - Instal\u00b7lacions Sendr\u00f3s","og_description":"Instal\u00b7lacions Sendr\u00f3s s&#8217;ha comprom\u00e8s a fer accessible el vostre lloc web de conformitat amb el Reial Decret 1112\/2018, de 7 de setembre, sobre accessibilitat dels llocs web i aplicacions per a dispositius m\u00f2bils del sector p\u00fablic. Opcions d&#8217;accessibilitat disponibles al men\u00fa desplegable a la part superior del lateral esquerre de la web: Aquesta declaraci\u00f3 d\u2019accessibilitat [&hellip;]","og_url":"https:\/\/www.instsendros.com\/ca\/declaracio-daccessibilitat\/","og_site_name":"Instal\u00b7lacions Sendr\u00f3s","article_modified_time":"2023-03-29T15:17:02+00:00","og_image":[{"url":"https:\/\/www.instsendros.com\/wp-content\/uploads\/2023\/03\/accessibilitat.jpg","type":"","width":"","height":""}],"twitter_card":"summary_large_image","twitter_misc":{"Temps estimat de lectura":"3 minuts"},"schema":{"@context":"https:\/\/schema.org","@graph":[{"@type":"WebPage","@id":"https:\/\/www.instsendros.com\/ca\/declaracio-daccessibilitat\/","url":"https:\/\/www.instsendros.com\/ca\/declaracio-daccessibilitat\/","name":"Declaraci\u00f3 d'Accessibilitat - Instal\u00b7lacions Sendr\u00f3s","isPartOf":{"@id":"https:\/\/www.instsendros.com\/ca\/#website"},"primaryImageOfPage":{"@id":"https:\/\/www.instsendros.com\/ca\/declaracio-daccessibilitat\/#primaryimage"},"image":{"@id":"https:\/\/www.instsendros.com\/ca\/declaracio-daccessibilitat\/#primaryimage"},"thumbnailUrl":"https:\/\/www.instsendros.com\/wp-content\/uploads\/2023\/03\/accessibilitat.jpg","datePublished":"2023-03-27T14:43:17+00:00","dateModified":"2023-03-29T15:17:02+00:00","breadcrumb":{"@id":"https:\/\/www.instsendros.com\/ca\/declaracio-daccessibilitat\/#breadcrumb"},"inLanguage":"ca","potentialAction":[{"@type":"ReadAction","target":["https:\/\/www.instsendros.com\/ca\/declaracio-daccessibilitat\/"]}]},{"@type":"ImageObject","inLanguage":"ca","@id":"https:\/\/www.instsendros.com\/ca\/declaracio-daccessibilitat\/#primaryimage","url":"https:\/\/www.instsendros.com\/wp-content\/uploads\/2023\/03\/accessibilitat.jpg","contentUrl":"https:\/\/www.instsendros.com\/wp-content\/uploads\/2023\/03\/accessibilitat.jpg"},{"@type":"BreadcrumbList","@id":"https:\/\/www.instsendros.com\/ca\/declaracio-daccessibilitat\/#breadcrumb","itemListElement":[{"@type":"ListItem","position":1,"name":"Portada","item":"https:\/\/www.instsendros.com\/ca\/"},{"@type":"ListItem","position":2,"name":"Declaraci\u00f3 d&#8217;Accessibilitat"}]},{"@type":"WebSite","@id":"https:\/\/www.instsendros.com\/ca\/#website","url":"https:\/\/www.instsendros.com\/ca\/","name":"Instal\u00b7lacions Sendr\u00f3s","description":"Instalaciones y Servicios de Ingenier\u00eda...","publisher":{"@id":"https:\/\/www.instsendros.com\/ca\/#organization"},"potentialAction":[{"@type":"SearchAction","target":{"@type":"EntryPoint","urlTemplate":"https:\/\/www.instsendros.com\/ca\/?s={search_term_string}"},"query-input":{"@type":"PropertyValueSpecification","valueRequired":true,"valueName":"search_term_string"}}],"inLanguage":"ca"},{"@type":"Organization","@id":"https:\/\/www.instsendros.com\/ca\/#organization","name":"Instal\u00b7lacions Sendr\u00f3s","url":"https:\/\/www.instsendros.com\/ca\/","logo":{"@type":"ImageObject","inLanguage":"ca","@id":"https:\/\/www.instsendros.com\/ca\/#\/schema\/logo\/image\/","url":"https:\/\/www.instsendros.com\/wp-content\/uploads\/2023\/03\/logo.jpg","contentUrl":"https:\/\/www.instsendros.com\/wp-content\/uploads\/2023\/03\/logo.jpg","width":143,"height":56,"caption":"Instal\u00b7lacions Sendr\u00f3s"},"image":{"@id":"https:\/\/www.instsendros.com\/ca\/#\/schema\/logo\/image\/"}}]}},"_links":{"self":[{"href":"https:\/\/www.instsendros.com\/ca\/wp-json\/wp\/v2\/pages\/771","targetHints":{"allow":["GET"]}}],"collection":[{"href":"https:\/\/www.instsendros.com\/ca\/wp-json\/wp\/v2\/pages"}],"about":[{"href":"https:\/\/www.instsendros.com\/ca\/wp-json\/wp\/v2\/types\/page"}],"author":[{"embeddable":true,"href":"https:\/\/www.instsendros.com\/ca\/wp-json\/wp\/v2\/users\/1"}],"replies":[{"embeddable":true,"href":"https:\/\/www.instsendros.com\/ca\/wp-json\/wp\/v2\/comments?post=771"}],"version-history":[{"count":3,"href":"https:\/\/www.instsendros.com\/ca\/wp-json\/wp\/v2\/pages\/771\/revisions"}],"predecessor-version":[{"id":916,"href":"https:\/\/www.instsendros.com\/ca\/wp-json\/wp\/v2\/pages\/771\/revisions\/916"}],"wp:attachment":[{"href":"https:\/\/www.instsendros.com\/ca\/wp-json\/wp\/v2\/media?parent=771"}],"curies":[{"name":"wp","href":"https:\/\/api.w.org\/{rel}","templated":true}]}}