{"id":760,"date":"2023-03-24T13:04:17","date_gmt":"2023-03-24T12:04:17","guid":{"rendered":"https:\/\/www.instsendros.com\/coneix-nos\/"},"modified":"2023-04-25T13:25:50","modified_gmt":"2023-04-25T11:25:50","slug":"coneix-nos","status":"publish","type":"page","link":"https:\/\/www.instsendros.com\/ca\/coneix-nos\/","title":{"rendered":"Coneix-nos"},"content":{"rendered":"<p>[et_pb_section fb_built=&#8221;1&#8243; admin_label=&#8221;Cabecera&#8221; _builder_version=&#8221;4.20.2&#8243; _module_preset=&#8221;default&#8221; background_image=&#8221;https:\/\/www.instsendros.com\/wp-content\/uploads\/2023\/03\/acercade_02.jpg&#8221; custom_margin=&#8221;||||false|false&#8221; custom_padding=&#8221;0px||0px||false|false&#8221; animation_style=&#8221;fade&#8221; collapsed=&#8221;off&#8221; global_colors_info=&#8221;{}&#8221;][et_pb_row column_structure=&#8221;3_4,1_4&#8243; _builder_version=&#8221;4.20.2&#8243; _module_preset=&#8221;default&#8221; custom_padding=&#8221;0px||0px||true|false&#8221; box_shadow_style=&#8221;preset4&#8243; box_shadow_horizontal=&#8221;-30vw&#8221; box_shadow_vertical=&#8221;0px&#8221; box_shadow_color=&#8221;rgba(255,255,255,0.5)&#8221; global_colors_info=&#8221;{}&#8221;][et_pb_column type=&#8221;3_4&#8243; _builder_version=&#8221;4.20.2&#8243; _module_preset=&#8221;default&#8221; background_color=&#8221;rgba(255,255,255,0.5)&#8221; custom_padding=&#8221;60px||160px||false|false&#8221; custom_padding_tablet=&#8221;||20px||false|false&#8221; custom_padding_phone=&#8221;&#8221; custom_padding_last_edited=&#8221;on|phone&#8221; global_colors_info=&#8221;{}&#8221;][et_pb_text _builder_version=&#8221;4.20.2&#8243; _module_preset=&#8221;default&#8221; header_font=&#8221;Bebas Neue||||||||&#8221; header_font_size=&#8221;150px&#8221; header_line_height=&#8221;0.9em&#8221; animation_style=&#8221;slide&#8221; animation_direction=&#8221;left&#8221; animation_intensity_slide=&#8221;10%&#8221; header_font_size_tablet=&#8221;80px&#8221; header_font_size_phone=&#8221;48px&#8221; header_font_size_last_edited=&#8221;on|tablet&#8221; header_line_height_tablet=&#8221;1em&#8221; header_line_height_phone=&#8221;&#8221; header_line_height_last_edited=&#8221;on|desktop&#8221; global_colors_info=&#8221;{}&#8221;]<\/p>\n<h1>Sobre Nosaltres<\/h1>\n<p>[\/et_pb_text][\/et_pb_column][et_pb_column type=&#8221;1_4&#8243; _builder_version=&#8221;4.16&#8243; _module_preset=&#8221;default&#8221; custom_padding_tablet=&#8221;50px||||false|false&#8221; custom_padding_phone=&#8221;&#8221; custom_padding_last_edited=&#8221;on|desktop&#8221; global_colors_info=&#8221;{}&#8221;][\/et_pb_column][\/et_pb_row][\/et_pb_section][et_pb_section fb_built=&#8221;1&#8243; admin_label=&#8221;About&#8221; _builder_version=&#8221;4.20.2&#8243; _module_preset=&#8221;default&#8221; background_enable_color=&#8221;off&#8221; custom_padding=&#8221;0px||0px||true|false&#8221; global_colors_info=&#8221;{}&#8221;][et_pb_row column_structure=&#8221;1_2,1_2&#8243; _builder_version=&#8221;4.16&#8243; _module_preset=&#8221;default&#8221; global_colors_info=&#8221;{}&#8221;][et_pb_column type=&#8221;1_2&#8243; _builder_version=&#8221;4.16&#8243; _module_preset=&#8221;default&#8221; global_colors_info=&#8221;{}&#8221;][et_pb_text _builder_version=&#8221;4.20.2&#8243; _module_preset=&#8221;default&#8221; text_font=&#8221;||on||||||&#8221; text_font_size=&#8221;20px&#8221; text_line_height=&#8221;1.6em&#8221; animation_style=&#8221;slide&#8221; animation_direction=&#8221;right&#8221; animation_intensity_slide=&#8221;10%&#8221; text_font_size_tablet=&#8221;18px&#8221; text_font_size_phone=&#8221;16px&#8221; text_font_size_last_edited=&#8221;on|tablet&#8221; locked=&#8221;off&#8221; global_colors_info=&#8221;{}&#8221;]<\/p>\n<p>Instal\u00b7lacions Sendr\u00f3s \u00e9s una empresa dedicada al disseny, execuci\u00f3 i manteniment de tot tipus d&#8217;instal\u00b7lacions el\u00e8ctriques, hidr\u00e0uliques, de gas, climatitzaci\u00f3 i renovables amb una \u00e0mplia experi\u00e8ncia al sector que va iniciar la seva activitat el 1973 donant un servei de qualitat als seus clients de manera ininterrompuda.<\/p>\n<p>[\/et_pb_text][\/et_pb_column][et_pb_column type=&#8221;1_2&#8243; _builder_version=&#8221;4.16&#8243; _module_preset=&#8221;default&#8221; global_colors_info=&#8221;{}&#8221;][\/et_pb_column][\/et_pb_row][\/et_pb_section][et_pb_section fb_built=&#8221;1&#8243; admin_label=&#8221;About&#8221; _builder_version=&#8221;4.16&#8243; _module_preset=&#8221;default&#8221; custom_padding=&#8221;8px|||||&#8221; global_colors_info=&#8221;{}&#8221;][et_pb_row column_structure=&#8221;2_5,3_5&#8243; _builder_version=&#8221;4.20.2&#8243; _module_preset=&#8221;default&#8221; global_colors_info=&#8221;{}&#8221;][et_pb_column type=&#8221;2_5&#8243; _builder_version=&#8221;4.20.2&#8243; _module_preset=&#8221;default&#8221; animation_style=&#8221;fade&#8221; global_colors_info=&#8221;{}&#8221;][et_pb_image src=&#8221;https:\/\/www.instsendros.com\/wp-content\/uploads\/2023\/03\/acercade.jpg&#8221; alt=&#8221;Sobre Instal\u00b7lacions Sendros&#8230;&#8221; title_text=&#8221;Sobre Instal\u00b7lacions Sendros&#8230;&#8221; _builder_version=&#8221;4.20.2&#8243; _module_preset=&#8221;default&#8221; z_index=&#8221;1&#8243; custom_margin=&#8221;||0px||false|false&#8221; box_shadow_style=&#8221;preset1&#8243; global_colors_info=&#8221;{}&#8221;][\/et_pb_image][et_pb_divider show_divider=&#8221;off&#8221; _builder_version=&#8221;4.20.2&#8243; _module_preset=&#8221;default&#8221; background_color=&#8221;#ff0200&#8243; transform_translate=&#8221;-100%|0px&#8221; transform_translate_linked=&#8221;off&#8221; positioning=&#8221;absolute&#8221; position_origin_a=&#8221;bottom_left&#8221; z_index=&#8221;1&#8243; width=&#8221;200px&#8221; height=&#8221;200px&#8221; global_colors_info=&#8221;{}&#8221;][\/et_pb_divider][\/et_pb_column][et_pb_column type=&#8221;3_5&#8243; _builder_version=&#8221;4.16&#8243; _module_preset=&#8221;default&#8221; global_colors_info=&#8221;{}&#8221;][et_pb_text _builder_version=&#8221;4.20.2&#8243; _module_preset=&#8221;default&#8221; text_font_size=&#8221;16px&#8221; text_line_height=&#8221;1.8em&#8221; animation_style=&#8221;slide&#8221; animation_direction=&#8221;right&#8221; animation_intensity_slide=&#8221;10%&#8221; text_font_size_tablet=&#8221;&#8221; text_font_size_phone=&#8221;14px&#8221; text_font_size_last_edited=&#8221;on|phone&#8221; global_colors_info=&#8221;{}&#8221;]<\/p>\n<p>A nivell de noves instal\u00b7lacions l\u2019empresa dona un servei global que s\u2019inicia amb l\u2019estudi de les millors alternatives vistes a les necessitats del client i adoptant la soluci\u00f3 que s\u2019adapta millor a cada cas. <\/p>\n<p>Un cop determinada la millor alternativa, es duen a terme els treballs d\u2019execuci\u00f3 per part de personal professional propi seguint en tot cas les directrius establertes per part del client. <\/p>\n<p>Per altra banda, els treballs de reparaci\u00f3, conservaci\u00f3 i manteniment d\u2019instal\u00b7lacions dom\u00e8stiques i industrials s\u00f3n l\u2019altra vessant a destacar de la nostra empresa. <\/p>\n<p>Instal\u00b7lacions Sendr\u00f3s ofereix un servei de qualitat basat en una experi\u00e8ncia contrastada al sector, en un equip hum\u00e0 compacte, comprom\u00e8s i amb la formaci\u00f3 necess\u00e0ria per dur a terme tots els serveis amb les m\u00e0ximes garanties.<\/p>\n<p>[\/et_pb_text][\/et_pb_column][\/et_pb_row][\/et_pb_section][et_pb_section fb_built=&#8221;1&#8243; admin_label=&#8221;Llamada a la Accion Footer&#8221; _builder_version=&#8221;4.20.0&#8243; _module_preset=&#8221;default&#8221; use_background_color_gradient=&#8221;on&#8221; background_color_gradient_direction=&#8221;90deg&#8221; background_color_gradient_stops=&#8221;#000000 10%|rgba(0,0,0,0) 100%&#8221; background_color_gradient_overlays_image=&#8221;on&#8221; background_color_gradient_start=&#8221;#000000&#8243; background_color_gradient_start_position=&#8221;10%&#8221; background_color_gradient_end=&#8221;rgba(0,0,0,0)&#8221; background_image=&#8221;https:\/\/www.instsendros.com\/wp-content\/uploads\/2023\/03\/fondo_01.jpg&#8221; parallax=&#8221;on&#8221; custom_padding=&#8221;10vw||10vw||true|false&#8221; saved_tabs=&#8221;all&#8221; collapsed=&#8221;off&#8221; global_colors_info=&#8221;{}&#8221;][et_pb_row custom_padding_last_edited=&#8221;on|phone&#8221; _builder_version=&#8221;4.20.0&#8243; _module_preset=&#8221;default&#8221; background_color=&#8221;rgba(255,2,0,0.5)&#8221; custom_padding=&#8221;60px||50px|50px|false|false&#8221; custom_padding_tablet=&#8221;30px|30px|30px|30px|true|true&#8221; custom_padding_phone=&#8221;|20px||20px|true|true&#8221; box_shadow_style=&#8221;preset4&#8243; box_shadow_horizontal=&#8221;30vw&#8221; box_shadow_vertical=&#8221;0px&#8221; box_shadow_color=&#8221;rgba(255,2,0,0.5)&#8221; global_colors_info=&#8221;{}&#8221;][et_pb_column type=&#8221;4_4&#8243; _builder_version=&#8221;4.16&#8243; _module_preset=&#8221;default&#8221; global_colors_info=&#8221;{}&#8221;][et_pb_text _builder_version=&#8221;4.20.2&#8243; _module_preset=&#8221;default&#8221; header_2_font=&#8221;Bebas Neue||||||||&#8221; header_2_font_size=&#8221;80px&#8221; background_layout=&#8221;dark&#8221; max_width=&#8221;620px&#8221; animation_style=&#8221;slide&#8221; animation_direction=&#8221;right&#8221; animation_intensity_slide=&#8221;10%&#8221; header_2_font_size_tablet=&#8221;42px&#8221; header_2_font_size_phone=&#8221;30px&#8221; header_2_font_size_last_edited=&#8221;on|phone&#8221; header_2_line_height_tablet=&#8221;1.2em&#8221; header_2_line_height_phone=&#8221;&#8221; header_2_line_height_last_edited=&#8221;on|tablet&#8221; global_colors_info=&#8221;{}&#8221;]<\/p>\n<h2>Tens un projecte?<\/h2>\n<p>[\/et_pb_text][\/et_pb_column][\/et_pb_row][et_pb_row _builder_version=&#8221;4.20.0&#8243; _module_preset=&#8221;default&#8221; global_colors_info=&#8221;{}&#8221;][et_pb_column type=&#8221;4_4&#8243; _builder_version=&#8221;4.16&#8243; _module_preset=&#8221;default&#8221; global_colors_info=&#8221;{}&#8221;][et_pb_text _builder_version=&#8221;4.20.2&#8243; _module_preset=&#8221;default&#8221; text_font_size=&#8221;16px&#8221; text_line_height=&#8221;1.8em&#8221; background_layout=&#8221;dark&#8221; max_width=&#8221;620px&#8221; custom_margin=&#8221;||||false|false&#8221; custom_padding=&#8221;||||false|false&#8221; animation_style=&#8221;slide&#8221; animation_direction=&#8221;left&#8221; animation_intensity_slide=&#8221;10%&#8221; text_font_size_tablet=&#8221;&#8221; text_font_size_phone=&#8221;14px&#8221; text_font_size_last_edited=&#8221;on|phone&#8221; locked=&#8221;off&#8221; global_colors_info=&#8221;{}&#8221;]<\/p>\n<p>Si tens un projecte o necessites algun dels nostres serveis, no dubtis en contactar amb nosaltres i demanar pressupost sense comprom\u00eds.<\/p>\n<p>[\/et_pb_text][et_pb_button button_url=&#8221;https:\/\/www.instsendros.com\/ca\/contacte\/&#8221; button_text=&#8221;Demana Pressupost sense Comprom\u00eds&#8221; button_alignment=&#8221;center&#8221; _builder_version=&#8221;4.20.2&#8243; _module_preset=&#8221;default&#8221; custom_button=&#8221;on&#8221; button_text_size=&#8221;14px&#8221; button_text_color=&#8221;#000000&#8243; button_bg_color=&#8221;rgba(255,255,255,0.8)&#8221; button_border_width=&#8221;0px&#8221; button_border_radius=&#8221;0px&#8221; button_letter_spacing=&#8221;4px&#8221; button_font=&#8221;Bebas Neue||||||||&#8221; button_icon=&#8221;&#x24;||divi||400&#8243; button_icon_color=&#8221;#000000&#8243; custom_margin=&#8221;||||false|false&#8221; custom_padding=&#8221;15px|40px|15px|40px|true|true&#8221; animation_style=&#8221;bounce&#8221; animation_delay=&#8221;300ms&#8221; locked=&#8221;off&#8221; global_colors_info=&#8221;{}&#8221;][\/et_pb_button][\/et_pb_column][\/et_pb_row][\/et_pb_section][et_pb_section fb_built=&#8221;1&#8243; admin_label=&#8221;Footer&#8221; _builder_version=&#8221;4.16&#8243; _module_preset=&#8221;default&#8221; background_color=&#8221;#000000&#8243; saved_tabs=&#8221;all&#8221; global_colors_info=&#8221;{}&#8221; global_module=&#8221;995&#8243; theme_builder_area=&#8221;post_content&#8221;][et_pb_row column_structure=&#8221;1_4,1_4,1_4,1_4&#8243; _builder_version=&#8221;4.20.2&#8243; _module_preset=&#8221;default&#8221; max_width=&#8221;1920px&#8221; animation_style=&#8221;slide&#8221; animation_direction=&#8221;bottom&#8221; animation_intensity_slide=&#8221;10%&#8221; global_colors_info=&#8221;{}&#8221; theme_builder_area=&#8221;post_content&#8221;][et_pb_column type=&#8221;1_4&#8243; _builder_version=&#8221;4.16&#8243; _module_preset=&#8221;default&#8221; global_colors_info=&#8221;{}&#8221; theme_builder_area=&#8221;post_content&#8221;][et_pb_blurb title=&#8221;Tel\u00e8fon&#8221; use_icon=&#8221;on&#8221; font_icon=&#8221;&#xe090;||divi||400&#8243; icon_color=&#8221;#ffffff&#8221; image_icon_width=&#8221;30px&#8221; admin_label=&#8221;Telefono&#8221; _builder_version=&#8221;4.20.0&#8243; _module_preset=&#8221;default&#8221; header_font=&#8221;Bebas Neue||||||||&#8221; header_font_size=&#8221;30px&#8221; header_letter_spacing=&#8221;1px&#8221; header_line_height=&#8221;1.2em&#8221; body_font_size=&#8221;18px&#8221; background_enable_color=&#8221;off&#8221; text_orientation=&#8221;center&#8221; background_layout=&#8221;dark&#8221; animation=&#8221;off&#8221; header_font_size_tablet=&#8221;22px&#8221; header_font_size_phone=&#8221;18px&#8221; header_font_size_last_edited=&#8221;on|phone&#8221; icon_font_size=&#8221;30px&#8221; global_colors_info=&#8221;{}&#8221; theme_builder_area=&#8221;post_content&#8221;]<\/p>\n<p><a href=\"tel:+34977677011\"><strong>977 67 70 11<\/strong><\/a><\/p>\n<p>[\/et_pb_blurb][\/et_pb_column][et_pb_column type=&#8221;1_4&#8243; _builder_version=&#8221;4.16&#8243; _module_preset=&#8221;default&#8221; global_colors_info=&#8221;{}&#8221; theme_builder_area=&#8221;post_content&#8221;][et_pb_blurb title=&#8221;Email&#8221; use_icon=&#8221;on&#8221; font_icon=&#8221;&#xe076;||divi||400&#8243; icon_color=&#8221;#ffffff&#8221; image_icon_width=&#8221;30px&#8221; admin_label=&#8221;Mail&#8221; _builder_version=&#8221;4.20.0&#8243; _module_preset=&#8221;default&#8221; header_font=&#8221;Bebas Neue||||||||&#8221; header_font_size=&#8221;30px&#8221; header_letter_spacing=&#8221;1px&#8221; header_line_height=&#8221;1.2em&#8221; body_font_size=&#8221;18px&#8221; background_enable_color=&#8221;off&#8221; text_orientation=&#8221;center&#8221; background_layout=&#8221;dark&#8221; animation=&#8221;off&#8221; header_font_size_tablet=&#8221;22px&#8221; header_font_size_phone=&#8221;18px&#8221; header_font_size_last_edited=&#8221;on|phone&#8221; icon_font_size=&#8221;30px&#8221; locked=&#8221;off&#8221; global_colors_info=&#8221;{}&#8221; theme_builder_area=&#8221;post_content&#8221;]<\/p>\n<p><a href=\"mailto:info@instsendros.com\">info@instsendros.com<\/a><\/p>\n<p>[\/et_pb_blurb][\/et_pb_column][et_pb_column type=&#8221;1_4&#8243; _builder_version=&#8221;4.16&#8243; _module_preset=&#8221;default&#8221; global_colors_info=&#8221;{}&#8221; theme_builder_area=&#8221;post_content&#8221;][et_pb_blurb title=&#8221;Adre\u00e7a&#8221; use_icon=&#8221;on&#8221; font_icon=&#8221;&#xf3c5;||fa||900&#8243; icon_color=&#8221;#ffffff&#8221; image_icon_width=&#8221;30px&#8221; admin_label=&#8221;Direccion&#8221; _builder_version=&#8221;4.20.0&#8243; _module_preset=&#8221;default&#8221; header_font=&#8221;Bebas Neue||||||||&#8221; header_font_size=&#8221;30px&#8221; header_letter_spacing=&#8221;1px&#8221; header_line_height=&#8221;1.2em&#8221; body_font_size=&#8221;16px&#8221; background_enable_color=&#8221;off&#8221; text_orientation=&#8221;center&#8221; background_layout=&#8221;dark&#8221; animation=&#8221;off&#8221; header_font_size_tablet=&#8221;22px&#8221; header_font_size_phone=&#8221;18px&#8221; header_font_size_last_edited=&#8221;on|phone&#8221; icon_font_size=&#8221;30px&#8221; global_colors_info=&#8221;{}&#8221; theme_builder_area=&#8221;post_content&#8221;]<\/p>\n<p>Rambla Marinada,5<br \/>43712 Lloren\u00e7 del Pened\u00e8s<\/p>\n<p>[\/et_pb_blurb][\/et_pb_column][et_pb_column type=&#8221;1_4&#8243; _builder_version=&#8221;4.16&#8243; _module_preset=&#8221;default&#8221; global_colors_info=&#8221;{}&#8221; theme_builder_area=&#8221;post_content&#8221;][et_pb_blurb title=&#8221;Horari&#8221; use_icon=&#8221;on&#8221; font_icon=&#8221;&#xf017;||fa||900&#8243; icon_color=&#8221;#ffffff&#8221; image_icon_width=&#8221;30px&#8221; admin_label=&#8221;Horario&#8221; _builder_version=&#8221;4.20.2&#8243; _module_preset=&#8221;default&#8221; header_font=&#8221;Bebas Neue||||||||&#8221; header_font_size=&#8221;30px&#8221; header_letter_spacing=&#8221;1px&#8221; header_line_height=&#8221;1.2em&#8221; body_font_size=&#8221;16px&#8221; background_enable_color=&#8221;off&#8221; text_orientation=&#8221;center&#8221; background_layout=&#8221;dark&#8221; animation=&#8221;off&#8221; header_font_size_tablet=&#8221;22px&#8221; header_font_size_phone=&#8221;18px&#8221; header_font_size_last_edited=&#8221;on|phone&#8221; icon_font_size=&#8221;30px&#8221; global_colors_info=&#8221;{}&#8221; theme_builder_area=&#8221;post_content&#8221;]<\/p>\n<p>Dilluns-Divendres<br \/>Horari Telef\u00f2nic<br \/>de 10:00 AM a 06:00 PM<br \/>Horari Presencial<br \/>de 05:00 PM a 07:00 PM<\/p>\n<p>[\/et_pb_blurb][\/et_pb_column][\/et_pb_row][\/et_pb_section][et_pb_section fb_built=&#8221;1&#8243; admin_label=&#8221;Logos&#8221; _builder_version=&#8221;4.20.2&#8243; _module_preset=&#8221;default&#8221; custom_padding=&#8221;9px||8px|||&#8221; box_shadow_style=&#8221;preset6&#8243; box_shadow_blur=&#8221;25px&#8221; box_shadow_color=&#8221;rgba(0,0,0,0.5)&#8221; global_module=&#8221;936&#8243; collapsed=&#8221;off&#8221; global_colors_info=&#8221;{}&#8221;][et_pb_row _builder_version=&#8221;4.20.2&#8243; _module_preset=&#8221;default&#8221; global_colors_info=&#8221;{}&#8221;][et_pb_column type=&#8221;4_4&#8243; _builder_version=&#8221;4.20.2&#8243; _module_preset=&#8221;default&#8221; global_colors_info=&#8221;{}&#8221;][et_pb_image src=&#8221;https:\/\/www.instsendros.com\/wp-content\/uploads\/2023\/03\/Logo-digitalizadores_1240.png&#8221; alt=&#8221;Kit Digital&#8230;&#8221; title_text=&#8221;Kit Digital&#8230;&#8221; _builder_version=&#8221;4.20.2&#8243; _module_preset=&#8221;default&#8221; global_colors_info=&#8221;{}&#8221;][\/et_pb_image][\/et_pb_column][\/et_pb_row][\/et_pb_section]<\/p>\n","protected":false},"excerpt":{"rendered":"<p>Sobre NosaltresInstal\u00b7lacions Sendr\u00f3s \u00e9s una empresa dedicada al disseny, execuci\u00f3 i manteniment de tot tipus d&#8217;instal\u00b7lacions el\u00e8ctriques, hidr\u00e0uliques, de gas, climatitzaci\u00f3 i renovables amb una \u00e0mplia experi\u00e8ncia al sector que va iniciar la seva activitat el 1973 donant un servei de qualitat als seus clients de manera ininterrompuda.A nivell de noves instal\u00b7lacions l\u2019empresa dona un [&hellip;]<\/p>\n","protected":false},"author":1,"featured_media":0,"parent":0,"menu_order":0,"comment_status":"closed","ping_status":"closed","template":"","meta":{"_et_pb_use_builder":"on","_et_pb_old_content":"","_et_gb_content_width":"","footnotes":""},"class_list":["post-760","page","type-page","status-publish","hentry"],"yoast_head":"<!-- This site is optimized with the Yoast SEO plugin v24.2 - https:\/\/yoast.com\/wordpress\/plugins\/seo\/ -->\n<title>Coneix-nos - Instal\u00b7lacions Sendr\u00f3s<\/title>\n<meta name=\"robots\" content=\"index, follow, max-snippet:-1, max-image-preview:large, max-video-preview:-1\" \/>\n<link rel=\"canonical\" href=\"https:\/\/www.instsendros.com\/ca\/coneix-nos\/\" \/>\n<meta property=\"og:locale\" content=\"ca_ES\" \/>\n<meta property=\"og:type\" content=\"article\" \/>\n<meta property=\"og:title\" content=\"Coneix-nos - Instal\u00b7lacions Sendr\u00f3s\" \/>\n<meta property=\"og:description\" content=\"Sobre NosaltresInstal\u00b7lacions Sendr\u00f3s \u00e9s una empresa dedicada al disseny, execuci\u00f3 i manteniment de tot tipus d&#039;instal\u00b7lacions el\u00e8ctriques, hidr\u00e0uliques, de gas, climatitzaci\u00f3 i renovables amb una \u00e0mplia experi\u00e8ncia al sector que va iniciar la seva activitat el 1973 donant un servei de qualitat als seus clients de manera ininterrompuda.A nivell de noves instal\u00b7lacions l\u2019empresa dona un [&hellip;]\" \/>\n<meta property=\"og:url\" content=\"https:\/\/www.instsendros.com\/ca\/coneix-nos\/\" \/>\n<meta property=\"og:site_name\" content=\"Instal\u00b7lacions Sendr\u00f3s\" \/>\n<meta property=\"article:modified_time\" content=\"2023-04-25T11:25:50+00:00\" \/>\n<meta name=\"twitter:card\" content=\"summary_large_image\" \/>\n<meta name=\"twitter:label1\" content=\"Temps estimat de lectura\" \/>\n\t<meta name=\"twitter:data1\" content=\"3 minuts\" \/>\n<script type=\"application\/ld+json\" class=\"yoast-schema-graph\">{\"@context\":\"https:\/\/schema.org\",\"@graph\":[{\"@type\":\"WebPage\",\"@id\":\"https:\/\/www.instsendros.com\/ca\/coneix-nos\/\",\"url\":\"https:\/\/www.instsendros.com\/ca\/coneix-nos\/\",\"name\":\"Coneix-nos - Instal\u00b7lacions Sendr\u00f3s\",\"isPartOf\":{\"@id\":\"https:\/\/www.instsendros.com\/ca\/#website\"},\"datePublished\":\"2023-03-24T12:04:17+00:00\",\"dateModified\":\"2023-04-25T11:25:50+00:00\",\"breadcrumb\":{\"@id\":\"https:\/\/www.instsendros.com\/ca\/coneix-nos\/#breadcrumb\"},\"inLanguage\":\"ca\",\"potentialAction\":[{\"@type\":\"ReadAction\",\"target\":[\"https:\/\/www.instsendros.com\/ca\/coneix-nos\/\"]}]},{\"@type\":\"BreadcrumbList\",\"@id\":\"https:\/\/www.instsendros.com\/ca\/coneix-nos\/#breadcrumb\",\"itemListElement\":[{\"@type\":\"ListItem\",\"position\":1,\"name\":\"Portada\",\"item\":\"https:\/\/www.instsendros.com\/ca\/\"},{\"@type\":\"ListItem\",\"position\":2,\"name\":\"Coneix-nos\"}]},{\"@type\":\"WebSite\",\"@id\":\"https:\/\/www.instsendros.com\/ca\/#website\",\"url\":\"https:\/\/www.instsendros.com\/ca\/\",\"name\":\"Instal\u00b7lacions Sendr\u00f3s\",\"description\":\"Instalaciones y Servicios de Ingenier\u00eda...\",\"publisher\":{\"@id\":\"https:\/\/www.instsendros.com\/ca\/#organization\"},\"potentialAction\":[{\"@type\":\"SearchAction\",\"target\":{\"@type\":\"EntryPoint\",\"urlTemplate\":\"https:\/\/www.instsendros.com\/ca\/?s={search_term_string}\"},\"query-input\":{\"@type\":\"PropertyValueSpecification\",\"valueRequired\":true,\"valueName\":\"search_term_string\"}}],\"inLanguage\":\"ca\"},{\"@type\":\"Organization\",\"@id\":\"https:\/\/www.instsendros.com\/ca\/#organization\",\"name\":\"Instal\u00b7lacions Sendr\u00f3s\",\"url\":\"https:\/\/www.instsendros.com\/ca\/\",\"logo\":{\"@type\":\"ImageObject\",\"inLanguage\":\"ca\",\"@id\":\"https:\/\/www.instsendros.com\/ca\/#\/schema\/logo\/image\/\",\"url\":\"https:\/\/www.instsendros.com\/wp-content\/uploads\/2023\/03\/logo.jpg\",\"contentUrl\":\"https:\/\/www.instsendros.com\/wp-content\/uploads\/2023\/03\/logo.jpg\",\"width\":143,\"height\":56,\"caption\":\"Instal\u00b7lacions Sendr\u00f3s\"},\"image\":{\"@id\":\"https:\/\/www.instsendros.com\/ca\/#\/schema\/logo\/image\/\"}}]}<\/script>\n<!-- \/ Yoast SEO plugin. -->","yoast_head_json":{"title":"Coneix-nos - Instal\u00b7lacions Sendr\u00f3s","robots":{"index":"index","follow":"follow","max-snippet":"max-snippet:-1","max-image-preview":"max-image-preview:large","max-video-preview":"max-video-preview:-1"},"canonical":"https:\/\/www.instsendros.com\/ca\/coneix-nos\/","og_locale":"ca_ES","og_type":"article","og_title":"Coneix-nos - Instal\u00b7lacions Sendr\u00f3s","og_description":"Sobre NosaltresInstal\u00b7lacions Sendr\u00f3s \u00e9s una empresa dedicada al disseny, execuci\u00f3 i manteniment de tot tipus d'instal\u00b7lacions el\u00e8ctriques, hidr\u00e0uliques, de gas, climatitzaci\u00f3 i renovables amb una \u00e0mplia experi\u00e8ncia al sector que va iniciar la seva activitat el 1973 donant un servei de qualitat als seus clients de manera ininterrompuda.A nivell de noves instal\u00b7lacions l\u2019empresa dona un [&hellip;]","og_url":"https:\/\/www.instsendros.com\/ca\/coneix-nos\/","og_site_name":"Instal\u00b7lacions Sendr\u00f3s","article_modified_time":"2023-04-25T11:25:50+00:00","twitter_card":"summary_large_image","twitter_misc":{"Temps estimat de lectura":"3 minuts"},"schema":{"@context":"https:\/\/schema.org","@graph":[{"@type":"WebPage","@id":"https:\/\/www.instsendros.com\/ca\/coneix-nos\/","url":"https:\/\/www.instsendros.com\/ca\/coneix-nos\/","name":"Coneix-nos - Instal\u00b7lacions Sendr\u00f3s","isPartOf":{"@id":"https:\/\/www.instsendros.com\/ca\/#website"},"datePublished":"2023-03-24T12:04:17+00:00","dateModified":"2023-04-25T11:25:50+00:00","breadcrumb":{"@id":"https:\/\/www.instsendros.com\/ca\/coneix-nos\/#breadcrumb"},"inLanguage":"ca","potentialAction":[{"@type":"ReadAction","target":["https:\/\/www.instsendros.com\/ca\/coneix-nos\/"]}]},{"@type":"BreadcrumbList","@id":"https:\/\/www.instsendros.com\/ca\/coneix-nos\/#breadcrumb","itemListElement":[{"@type":"ListItem","position":1,"name":"Portada","item":"https:\/\/www.instsendros.com\/ca\/"},{"@type":"ListItem","position":2,"name":"Coneix-nos"}]},{"@type":"WebSite","@id":"https:\/\/www.instsendros.com\/ca\/#website","url":"https:\/\/www.instsendros.com\/ca\/","name":"Instal\u00b7lacions Sendr\u00f3s","description":"Instalaciones y Servicios de Ingenier\u00eda...","publisher":{"@id":"https:\/\/www.instsendros.com\/ca\/#organization"},"potentialAction":[{"@type":"SearchAction","target":{"@type":"EntryPoint","urlTemplate":"https:\/\/www.instsendros.com\/ca\/?s={search_term_string}"},"query-input":{"@type":"PropertyValueSpecification","valueRequired":true,"valueName":"search_term_string"}}],"inLanguage":"ca"},{"@type":"Organization","@id":"https:\/\/www.instsendros.com\/ca\/#organization","name":"Instal\u00b7lacions Sendr\u00f3s","url":"https:\/\/www.instsendros.com\/ca\/","logo":{"@type":"ImageObject","inLanguage":"ca","@id":"https:\/\/www.instsendros.com\/ca\/#\/schema\/logo\/image\/","url":"https:\/\/www.instsendros.com\/wp-content\/uploads\/2023\/03\/logo.jpg","contentUrl":"https:\/\/www.instsendros.com\/wp-content\/uploads\/2023\/03\/logo.jpg","width":143,"height":56,"caption":"Instal\u00b7lacions Sendr\u00f3s"},"image":{"@id":"https:\/\/www.instsendros.com\/ca\/#\/schema\/logo\/image\/"}}]}},"_links":{"self":[{"href":"https:\/\/www.instsendros.com\/ca\/wp-json\/wp\/v2\/pages\/760","targetHints":{"allow":["GET"]}}],"collection":[{"href":"https:\/\/www.instsendros.com\/ca\/wp-json\/wp\/v2\/pages"}],"about":[{"href":"https:\/\/www.instsendros.com\/ca\/wp-json\/wp\/v2\/types\/page"}],"author":[{"embeddable":true,"href":"https:\/\/www.instsendros.com\/ca\/wp-json\/wp\/v2\/users\/1"}],"replies":[{"embeddable":true,"href":"https:\/\/www.instsendros.com\/ca\/wp-json\/wp\/v2\/comments?post=760"}],"version-history":[{"count":6,"href":"https:\/\/www.instsendros.com\/ca\/wp-json\/wp\/v2\/pages\/760\/revisions"}],"predecessor-version":[{"id":1001,"href":"https:\/\/www.instsendros.com\/ca\/wp-json\/wp\/v2\/pages\/760\/revisions\/1001"}],"wp:attachment":[{"href":"https:\/\/www.instsendros.com\/ca\/wp-json\/wp\/v2\/media?parent=760"}],"curies":[{"name":"wp","href":"https:\/\/api.w.org\/{rel}","templated":true}]}}